{"id":328,"date":"2025-01-29T21:17:28","date_gmt":"2025-01-29T21:17:28","guid":{"rendered":"http:\/\/ritvasodergard.fi\/about\/"},"modified":"2025-02-02T14:27:20","modified_gmt":"2025-02-02T14:27:20","slug":"about","status":"publish","type":"page","link":"https:\/\/ritvasodergard.fi\/fi\/about\/","title":{"rendered":"About"},"content":{"rendered":"<div data-elementor-type=\"wp-page\" data-elementor-id=\"328\" class=\"elementor elementor-328\">\n\t\t\t\t<div class=\"elementor-element elementor-element-a0ffa71 e-flex e-con-boxed e-con e-parent\" data-id=\"a0ffa71\" data-element_type=\"container\" data-settings=\"{&quot;background_background&quot;:&quot;classic&quot;}\">\n\t\t\t\t\t<div class=\"e-con-inner\">\n\t\t<div class=\"elementor-element elementor-element-9de5196 e-con-full e-flex e-con e-child\" data-id=\"9de5196\" data-element_type=\"container\">\n\t\t\t\t<div class=\"elementor-element elementor-element-2679d83 elementor-widget elementor-widget-heading\" data-id=\"2679d83\" data-element_type=\"widget\" data-widget_type=\"heading.default\">\n\t\t\t\t<div class=\"elementor-widget-container\">\n\t\t\t\t\t<h1 class=\"elementor-heading-title elementor-size-default\">Minusta<\/h1>\t\t\t\t<\/div>\n\t\t\t\t<\/div>\n\t\t\t\t<div class=\"elementor-element elementor-element-fcc3f68 elementor-widget-divider--view-line elementor-widget elementor-widget-divider\" data-id=\"fcc3f68\" data-element_type=\"widget\" data-widget_type=\"divider.default\">\n\t\t\t\t<div class=\"elementor-widget-container\">\n\t\t\t\t\t\t\t<div class=\"elementor-divider\">\n\t\t\t<span class=\"elementor-divider-separator\">\n\t\t\t\t\t\t<\/span>\n\t\t<\/div>\n\t\t\t\t\t\t<\/div>\n\t\t\t\t<\/div>\n\t\t\t\t<\/div>\n\t\t\t\t\t<\/div>\n\t\t\t\t<\/div>\n\t\t<div class=\"elementor-element elementor-element-8a7ea3a e-flex e-con-boxed e-con e-parent\" data-id=\"8a7ea3a\" data-element_type=\"container\" data-settings=\"{&quot;background_background&quot;:&quot;classic&quot;}\">\n\t\t\t\t\t<div class=\"e-con-inner\">\n\t\t<div class=\"elementor-element elementor-element-fa60e16 e-con-full e-flex e-con e-child\" data-id=\"fa60e16\" data-element_type=\"container\">\n\t\t\t\t<div class=\"elementor-element elementor-element-3be3f89 elementor-position-left elementor-vertical-align-middle elementor-widget elementor-widget-image-box\" data-id=\"3be3f89\" data-element_type=\"widget\" data-widget_type=\"image-box.default\">\n\t\t\t\t<div class=\"elementor-widget-container\">\n\t\t\t\t\t<div class=\"elementor-image-box-wrapper\"><figure class=\"elementor-image-box-img\"><img fetchpriority=\"high\" decoding=\"async\" width=\"1590\" height=\"1664\" src=\"https:\/\/ritvasodergard.fi\/wp-content\/uploads\/2025\/01\/Ritvapuolipot-scaled-e1738504315405.jpg\" class=\"attachment-full size-full wp-image-1273\" alt=\"\" srcset=\"https:\/\/ritvasodergard.fi\/wp-content\/uploads\/2025\/01\/Ritvapuolipot-scaled-e1738504315405.jpg 1590w, https:\/\/ritvasodergard.fi\/wp-content\/uploads\/2025\/01\/Ritvapuolipot-scaled-e1738504315405-287x300.jpg 287w, https:\/\/ritvasodergard.fi\/wp-content\/uploads\/2025\/01\/Ritvapuolipot-scaled-e1738504315405-978x1024.jpg 978w, https:\/\/ritvasodergard.fi\/wp-content\/uploads\/2025\/01\/Ritvapuolipot-scaled-e1738504315405-768x804.jpg 768w, https:\/\/ritvasodergard.fi\/wp-content\/uploads\/2025\/01\/Ritvapuolipot-scaled-e1738504315405-1468x1536.jpg 1468w\" sizes=\"(max-width: 1590px) 100vw, 1590px\" \/><\/figure><div class=\"elementor-image-box-content\"><h2 class=\"elementor-image-box-title\">Visioni<\/h2><p class=\"elementor-image-box-description\">\"Autan pienyritt\u00e4ji\u00e4 ymm\u00e4rt\u00e4m\u00e4\u00e4n taloutensa ja ottamaan sen hallintaan, jotta he voivat luoda kest\u00e4v\u00e4\u00e4 kasvua ja parempaa hyvinvointia \u2013 sek\u00e4 yritykselleen ett\u00e4 itselleen.\" <\/p><\/div><\/div>\t\t\t\t<\/div>\n\t\t\t\t<\/div>\n\t\t\t\t<div class=\"elementor-element elementor-element-2e3c66a elementor-widget elementor-widget-text-editor\" data-id=\"2e3c66a\" data-element_type=\"widget\" data-widget_type=\"text-editor.default\">\n\t\t\t\t<div class=\"elementor-widget-container\">\n\t\t\t\t\t\t\t\t\t<p><span data-contrast=\"auto\">Haluan koko syd\u00e4mest\u00e4ni auttaa pienyritt\u00e4ji\u00e4 menestym\u00e4\u00e4n. Yritysel\u00e4m\u00e4 voi olla kiireist\u00e4, kun koko ajan pit\u00e4\u00e4 tehd\u00e4 p\u00e4\u00e4t\u00f6ksi\u00e4 talouden, kannattavuuden ja henkil\u00f6st\u00f6asioiden suhteen. Siksi perustin tilitoimiston, joka ei pelk\u00e4st\u00e4\u00e4n hoida kirjanpitoa, vaan auttaa yritt\u00e4ji\u00e4 ymm\u00e4rt\u00e4m\u00e4\u00e4n taloutensa syv\u00e4llisesti. Tarjoan n\u00e4kemyksi\u00e4 ja ty\u00f6kaluja yrityksen kehityksen ohjaamiseen ja uskon, ett\u00e4 yrityksen menestys on yhteydess\u00e4 itse yritt\u00e4j\u00e4\u00e4n.<\/span><span data-ccp-props=\"{&quot;134233117&quot;:true,&quot;134233118&quot;:true,&quot;201341983&quot;:0,&quot;335559740&quot;:240}\">\u00a0<\/span><\/p><p><span data-contrast=\"auto\">Tarjoan my\u00f6s valmennusta osana palvelujani, jotta voin tukea yrityst\u00e4si entist\u00e4 paremmin. Tavoitteeni on auttaa ei vain talouden hallinnassa, vaan my\u00f6s liiketoiminnan kehityksess\u00e4 ja hyvinvoinnissa, jotka kulkevat k\u00e4si k\u00e4dess\u00e4.<\/span><span data-ccp-props=\"{&quot;134233117&quot;:true,&quot;134233118&quot;:true,&quot;201341983&quot;:0,&quot;335559740&quot;:240}\">\u00a0<\/span><\/p><p><b>Kuka min\u00e4 olen?<\/b><\/p><p><span data-contrast=\"auto\">Koulutukseltani olen ekonomi (Hanken, Vaasa) ja taustalta l\u00f6ytyy kokemusta usealta eri alalta, taloushallinnan erilaisista teht\u00e4vist\u00e4 sek\u00e4 yritt\u00e4jyydest\u00e4. Yritt\u00e4j\u00e4tarinani alkoi kun irtisanouduin vakuutusmyyj\u00e4n teht\u00e4vist\u00e4 seuratakseni intohimoani ja halua kokeilla omia siipi\u00e4ni. Perustin siis oman suklaatehtaan punaiseen mummonm\u00f6kkiin maalla. Vahva sis\u00e4inen tahtotila vei minut Meksikoon kaakaoviljemille sek\u00e4 ranskalaisen chocolatierin luo G\u00f6teborgiin miss\u00e4 opin tekem\u00e4\u00e4n k\u00e4sintehtyj\u00e4 laatusuklaakonvehteja.\u00a0<\/span><span data-ccp-props=\"{&quot;134233117&quot;:true,&quot;134233118&quot;:true,&quot;201341983&quot;:0,&quot;335559740&quot;:240}\">\u00a0<\/span><\/p><p><span data-contrast=\"auto\">Rakensin 50-60 j\u00e4lleenmyyj\u00e4verkoston Suomeen, loin tilauksesta r\u00e4\u00e4t\u00e4l\u00f6ityj\u00e4 yrityslahjoja ja pidin satoja suklaanmaistiaisia. T\u00e4n\u00e4 aikana kehitin oman br\u00e4ndin, <\/span><i><span data-contrast=\"auto\">Hemg\u00e5rden - Handmade Chocolate from Finland<\/span><\/i><span data-contrast=\"auto\">. Vaikka yrityksen myynnist\u00e4 on jo yli kymmenen vuotta sitten, saan viel\u00e4 ilokseni aina silloin t\u00e4ll\u00f6in kuulla ihmisten kysyv\u00e4n Hemg\u00e5rdenin suklaista.\u00a0<\/span><span data-ccp-props=\"{&quot;134233117&quot;:true,&quot;134233118&quot;:true,&quot;201341983&quot;:0,&quot;335559740&quot;:240}\">\u00a0<\/span><\/p><p><span data-contrast=\"auto\">Kokemukseni pienyritt\u00e4j\u00e4n\u00e4 on antanut minulle arvokkaita n\u00e4kemyksi\u00e4 siit\u00e4 kest\u00e4vyydest\u00e4, suunnittelusta, p\u00e4\u00e4tt\u00e4v\u00e4isyydest\u00e4 sek\u00e4 numeroiden ja kokonaisuuksien ymm\u00e4rt\u00e4misest\u00e4, jotka ovat t\u00e4rkeit\u00e4 yrityksen kasvun ja menestyksen saavuttamiseksi.<\/span><span data-ccp-props=\"{&quot;134233117&quot;:true,&quot;134233118&quot;:true,&quot;201341983&quot;:0,&quot;335559740&quot;:240}\">\u00a0<\/span><\/p><p><span data-contrast=\"auto\">Yritt\u00e4j\u00e4aikani j\u00e4lkeen olen jatkanut taloushallinnon osaamiseni kehitt\u00e4mist\u00e4, ja olen ty\u00f6skennellyt myynti- ja ostoreskontran, kirjanpidon, palkkahallinnan ja henkil\u00f6st\u00f6hallinnan parissa.\u00a0<\/span><span data-ccp-props=\"{&quot;134233117&quot;:true,&quot;134233118&quot;:true,&quot;201341983&quot;:0,&quot;335559740&quot;:240}\">\u00a0<\/span><\/p><p><span data-ccp-props=\"{&quot;134233117&quot;:true,&quot;134233118&quot;:true,&quot;201341983&quot;:0,&quot;335559740&quot;:240}\">\u00a0<\/span><span data-contrast=\"auto\">Taloustutkintoni j\u00e4lkeen minulla oli my\u00f6s suunnitelmia t\u00e4ydent\u00e4\u00e4 koulutustani pedagogisilla opinnoilla, sill\u00e4 kiinnostukseni oppimista ja opetusta kohtaan on aina ollut suuri. Nyky\u00e4\u00e4n olen p\u00e4tev\u00f6itynyt opettaja ja toimin lehtorina Liiketoimintapalveluissa Vamiassa Vaasassa, jossa opetan niin nuoria kuin aikuisia, jotka opiskelevat merkonomiksi. Opetan aineita kuten kirjanpitoa, palkkahallintoa ja yritt\u00e4jyytt\u00e4.<\/span><span data-ccp-props=\"{&quot;134233117&quot;:true,&quot;134233118&quot;:true,&quot;201341983&quot;:0,&quot;335559740&quot;:240}\">\u00a0<\/span><\/p><p><span data-contrast=\"auto\">Pedagoginen filosofini perustuu siihen, ett\u00e4 oppiminen tapahtuu vuorovaikutuksen ja yhteisty\u00f6n kautta. Minua motivoi halu auttaa ja n\u00e4hd\u00e4 oppilaideni kehittyv\u00e4n. Palkitsevin kokemus on, kun oppilas kokee \u201dAha!\u201d-hetken, jolloin palaset loksahtavat paikoilleen ja kokonaisuuden sek\u00e4 yhteyksien ymm\u00e4rrys kasvaa.<\/span><span data-ccp-props=\"{&quot;134233117&quot;:true,&quot;134233118&quot;:true,&quot;201341983&quot;:0,&quot;335559740&quot;:240}\">\u00a0<\/span><\/p><div class=\"OutlineElement Ltr SCXW163705711 BCX8\" style=\"-webkit-user-drag: none; -webkit-tap-highlight-color: transparent; margin: 0px; padding: 0px; user-select: text; clear: both; cursor: text; overflow: visible; position: relative; direction: ltr; color: #000000; font-family: 'Segoe UI', 'Segoe UI Web', Arial, Verdana, sans-serif; font-size: 12px;\">\u00a0<\/div>\t\t\t\t\t\t\t\t<\/div>\n\t\t\t\t<\/div>\n\t\t<div class=\"elementor-element elementor-element-5943b1e e-flex e-con-boxed e-con e-child\" data-id=\"5943b1e\" data-element_type=\"container\">\n\t\t\t\t\t<div class=\"e-con-inner\">\n\t\t\t\t<div class=\"elementor-element elementor-element-7b932b7 elementor-widget__width-initial elementor-widget-mobile__width-inherit elementor-widget-tablet__width-initial elementor-icon-list--layout-traditional elementor-list-item-link-full_width elementor-widget elementor-widget-icon-list\" data-id=\"7b932b7\" data-element_type=\"widget\" data-widget_type=\"icon-list.default\">\n\t\t\t\t<div class=\"elementor-widget-container\">\n\t\t\t\t\t\t\t<ul class=\"elementor-icon-list-items\">\n\t\t\t\t\t\t\t<li class=\"elementor-icon-list-item\">\n\t\t\t\t\t\t\t\t\t\t\t<span class=\"elementor-icon-list-icon\">\n\t\t\t\t\t\t\t<svg aria-hidden=\"true\" class=\"e-font-icon-svg e-fas-check\" viewbox=\"0 0 512 512\" xmlns=\"http:\/\/www.w3.org\/2000\/svg\"><path d=\"M173.898 439.404l-166.4-166.4c-9.997-9.997-9.997-26.206 0-36.204l36.203-36.204c9.997-9.998 26.207-9.998 36.204 0L192 312.69 432.095 72.596c9.997-9.997 26.207-9.997 36.204 0l36.203 36.204c9.997 9.997 9.997 26.206 0 36.204l-294.4 294.401c-9.998 9.997-26.207 9.997-36.204-.001z\"><\/path><\/svg>\t\t\t\t\t\t<\/span>\n\t\t\t\t\t\t\t\t\t\t<span class=\"elementor-icon-list-text\">Mit\u00e4 numerot kertovat meille<\/span>\n\t\t\t\t\t\t\t\t\t<\/li>\n\t\t\t\t\t\t<\/ul>\n\t\t\t\t\t\t<\/div>\n\t\t\t\t<\/div>\n\t\t\t\t<div class=\"elementor-element elementor-element-97d0df5 elementor-widget__width-initial elementor-widget-mobile__width-inherit elementor-widget-tablet__width-initial elementor-icon-list--layout-inline elementor-list-item-link-full_width elementor-widget elementor-widget-icon-list\" data-id=\"97d0df5\" data-element_type=\"widget\" data-widget_type=\"icon-list.default\">\n\t\t\t\t<div class=\"elementor-widget-container\">\n\t\t\t\t\t\t\t<ul class=\"elementor-icon-list-items elementor-inline-items\">\n\t\t\t\t\t\t\t<li class=\"elementor-icon-list-item elementor-inline-item\">\n\t\t\t\t\t\t\t\t\t\t\t<span class=\"elementor-icon-list-icon\">\n\t\t\t\t\t\t\t<svg aria-hidden=\"true\" class=\"e-font-icon-svg e-fas-check\" viewbox=\"0 0 512 512\" xmlns=\"http:\/\/www.w3.org\/2000\/svg\"><path d=\"M173.898 439.404l-166.4-166.4c-9.997-9.997-9.997-26.206 0-36.204l36.203-36.204c9.997-9.998 26.207-9.998 36.204 0L192 312.69 432.095 72.596c9.997-9.997 26.207-9.997 36.204 0l36.203 36.204c9.997 9.997 9.997 26.206 0 36.204l-294.4 294.401c-9.998 9.997-26.207 9.997-36.204-.001z\"><\/path><\/svg>\t\t\t\t\t\t<\/span>\n\t\t\t\t\t\t\t\t\t\t<span class=\"elementor-icon-list-text\">Kokonaisuuksien hahmottaminen<\/span>\n\t\t\t\t\t\t\t\t\t<\/li>\n\t\t\t\t\t\t<\/ul>\n\t\t\t\t\t\t<\/div>\n\t\t\t\t<\/div>\n\t\t\t\t<div class=\"elementor-element elementor-element-aa300c1 elementor-widget__width-initial elementor-widget-mobile__width-inherit elementor-widget-tablet__width-initial elementor-icon-list--layout-traditional elementor-list-item-link-full_width elementor-widget elementor-widget-icon-list\" data-id=\"aa300c1\" data-element_type=\"widget\" data-widget_type=\"icon-list.default\">\n\t\t\t\t<div class=\"elementor-widget-container\">\n\t\t\t\t\t\t\t<ul class=\"elementor-icon-list-items\">\n\t\t\t\t\t\t\t<li class=\"elementor-icon-list-item\">\n\t\t\t\t\t\t\t\t\t\t\t<span class=\"elementor-icon-list-icon\">\n\t\t\t\t\t\t\t<svg aria-hidden=\"true\" class=\"e-font-icon-svg e-fas-check\" viewbox=\"0 0 512 512\" xmlns=\"http:\/\/www.w3.org\/2000\/svg\"><path d=\"M173.898 439.404l-166.4-166.4c-9.997-9.997-9.997-26.206 0-36.204l36.203-36.204c9.997-9.998 26.207-9.998 36.204 0L192 312.69 432.095 72.596c9.997-9.997 26.207-9.997 36.204 0l36.203 36.204c9.997 9.997 9.997 26.206 0 36.204l-294.4 294.401c-9.998 9.997-26.207 9.997-36.204-.001z\"><\/path><\/svg>\t\t\t\t\t\t<\/span>\n\t\t\t\t\t\t\t\t\t\t<span class=\"elementor-icon-list-text\">Hyvinvoivat yritt\u00e4j\u00e4t ja yritykset<\/span>\n\t\t\t\t\t\t\t\t\t<\/li>\n\t\t\t\t\t\t<\/ul>\n\t\t\t\t\t\t<\/div>\n\t\t\t\t<\/div>\n\t\t\t\t\t<\/div>\n\t\t\t\t<\/div>\n\t\t\t\t<div class=\"elementor-element elementor-element-e53629f elementor-widget-divider--view-line elementor-widget elementor-widget-divider\" data-id=\"e53629f\" data-element_type=\"widget\" data-widget_type=\"divider.default\">\n\t\t\t\t<div class=\"elementor-widget-container\">\n\t\t\t\t\t\t\t<div class=\"elementor-divider\">\n\t\t\t<span class=\"elementor-divider-separator\">\n\t\t\t\t\t\t<\/span>\n\t\t<\/div>\n\t\t\t\t\t\t<\/div>\n\t\t\t\t<\/div>\n\t\t\t\t<div class=\"elementor-element elementor-element-f146514 elementor-widget__width-inherit elementor-widget-mobile__width-inherit elementor-widget elementor-widget-heading\" data-id=\"f146514\" data-element_type=\"widget\" data-widget_type=\"heading.default\">\n\t\t\t\t<div class=\"elementor-widget-container\">\n\t\t\t\t\t<h2 class=\"elementor-heading-title elementor-size-default\">Suosituksia<\/h2>\t\t\t\t<\/div>\n\t\t\t\t<\/div>\n\t\t<div class=\"elementor-element elementor-element-c709aba e-flex e-con-boxed e-con e-child\" data-id=\"c709aba\" data-element_type=\"container\">\n\t\t\t\t\t<div class=\"e-con-inner\">\n\t\t\t\t<div class=\"elementor-element elementor-element-81b4652 elementor-widget__width-initial elementor-widget-mobile__width-inherit elementor-widget elementor-widget-testimonial\" data-id=\"81b4652\" data-element_type=\"widget\" data-widget_type=\"testimonial.default\">\n\t\t\t\t<div class=\"elementor-widget-container\">\n\t\t\t\t\t\t\t<div class=\"elementor-testimonial-wrapper\">\n\t\t\t\t\t\t\t<div class=\"elementor-testimonial-content\">\"Ritva on loistava opettaja ja asiantuntija alallaan, joka osaa selitt\u00e4\u00e4 kirjanpidon monimutkaiset kokonaisuudet selke\u00e4sti ja ymm\u00e4rrett\u00e4v\u00e4sti. H\u00e4nen opetustapansa teki oppimisesta helppoa ja k\u00e4yt\u00e4nn\u00f6llist\u00e4. H\u00e4nen opettamansa kurssin ansiosta olen saanut vahvan pohjan kirjanpidon ymm\u00e4rt\u00e4miseen ja hallitsemiseen, jota voin hy\u00f6dynt\u00e4\u00e4 tulevassa ty\u00f6el\u00e4m\u00e4ss\u00e4ni.\"<\/div>\n\t\t\t\n\t\t\t\t\t\t<div class=\"elementor-testimonial-meta elementor-has-image elementor-testimonial-image-position-aside\">\n\t\t\t\t<div class=\"elementor-testimonial-meta-inner\">\n\t\t\t\t\t\t\t\t\t\t\t<div class=\"elementor-testimonial-image\">\n\t\t\t\t\t\t\t<img decoding=\"async\" width=\"612\" height=\"408\" data-src=\"https:\/\/ritvasodergard.fi\/wp-content\/uploads\/2025\/01\/foto-av-hand-och-miniraknare.jpg\" class=\"attachment-full size-full wp-image-1294 lazyload\" alt=\"\" data-srcset=\"https:\/\/ritvasodergard.fi\/wp-content\/uploads\/2025\/01\/foto-av-hand-och-miniraknare.jpg 612w, https:\/\/ritvasodergard.fi\/wp-content\/uploads\/2025\/01\/foto-av-hand-och-miniraknare-300x200.jpg 300w\" data-sizes=\"(max-width: 612px) 100vw, 612px\" src=\"data:image\/gif;base64,R0lGODlhAQABAAAAACH5BAEKAAEALAAAAAABAAEAAAICTAEAOw==\" style=\"--smush-placeholder-width: 612px; --smush-placeholder-aspect-ratio: 612\/408;\" \/><noscript><img decoding=\"async\" width=\"612\" height=\"408\" src=\"https:\/\/ritvasodergard.fi\/wp-content\/uploads\/2025\/01\/foto-av-hand-och-miniraknare.jpg\" class=\"attachment-full size-full wp-image-1294\" alt=\"\" srcset=\"https:\/\/ritvasodergard.fi\/wp-content\/uploads\/2025\/01\/foto-av-hand-och-miniraknare.jpg 612w, https:\/\/ritvasodergard.fi\/wp-content\/uploads\/2025\/01\/foto-av-hand-och-miniraknare-300x200.jpg 300w\" sizes=\"(max-width: 612px) 100vw, 612px\" \/><\/noscript>\t\t\t\t\t\t<\/div>\n\t\t\t\t\t\n\t\t\t\t\t\t\t\t\t\t<div class=\"elementor-testimonial-details\">\n\t\t\t\t\t\t\t\t\t\t\t\t\t\t<div class=\"elementor-testimonial-name\">Katja Nevala<\/div>\n\t\t\t\t\t\t\t\t\t\t\t\t\t\t\t\t\t\t\t\t\t\t<div class=\"elementor-testimonial-job\">Merkonomi aikuisopiskelija<\/div>\n\t\t\t\t\t\t\t\t\t\t\t\t\t<\/div>\n\t\t\t\t\t\t\t\t\t<\/div>\n\t\t\t<\/div>\n\t\t\t\t\t<\/div>\n\t\t\t\t\t\t<\/div>\n\t\t\t\t<\/div>\n\t\t\t\t<div class=\"elementor-element elementor-element-0db6a2f elementor-widget__width-initial elementor-widget-mobile__width-inherit elementor-widget elementor-widget-testimonial\" data-id=\"0db6a2f\" data-element_type=\"widget\" data-widget_type=\"testimonial.default\">\n\t\t\t\t<div class=\"elementor-widget-container\">\n\t\t\t\t\t\t\t<div class=\"elementor-testimonial-wrapper\">\n\t\t\t\t\t\t\t<div class=\"elementor-testimonial-content\">\u201dOlen aina ollut hidas oppimaan, ja sen vuoksi tarvinnut paljon opastusta. Kirjanpidon tunnit tuntuivat aluksi todella hankalilta, mutta Ritva pyrki aina auttamaan parhaansa mukaan ja piti huolen, ett\u00e4 meist\u00e4 jokainen sai tarvitsemansa avun. H\u00e4n my\u00f6s jaksoi aina uskoa minuun ja osaamiseeni, vaikka itsell\u00e4 meinasi usko loppua kesken. Ritva on kaikin puolin ihana ja syd\u00e4mellinen opettaja, joka tekee kaikkensa sen eteen, ett\u00e4 opiskelu sujuisi mahdollisimman hyvin. Min\u00e4kin otin sun sanoista oppia ja aloin uskoa itseeni. Kokeilin minun yht\u00e4 unelmaa, eli hain finanssialan t\u00f6it\u00e4 ja sain vakity\u00f6n Fennialta vakuutusmyyj\u00e4n\u00e4 vaikka hakijoita oli 315. T\u00e4ytyy aina uskoa itseens\u00e4 ja unelmiin! \u201d<\/div>\n\t\t\t\n\t\t\t\t\t\t<div class=\"elementor-testimonial-meta elementor-has-image elementor-testimonial-image-position-aside\">\n\t\t\t\t<div class=\"elementor-testimonial-meta-inner\">\n\t\t\t\t\t\t\t\t\t\t\t<div class=\"elementor-testimonial-image\">\n\t\t\t\t\t\t\t<img decoding=\"async\" width=\"612\" height=\"408\" data-src=\"https:\/\/ritvasodergard.fi\/wp-content\/uploads\/2025\/01\/foto-av-kvinna-som-raknar-pa-dator-och-papper.jpg\" class=\"attachment-full size-full wp-image-1290 lazyload\" alt=\"\" data-srcset=\"https:\/\/ritvasodergard.fi\/wp-content\/uploads\/2025\/01\/foto-av-kvinna-som-raknar-pa-dator-och-papper.jpg 612w, https:\/\/ritvasodergard.fi\/wp-content\/uploads\/2025\/01\/foto-av-kvinna-som-raknar-pa-dator-och-papper-300x200.jpg 300w\" data-sizes=\"(max-width: 612px) 100vw, 612px\" src=\"data:image\/gif;base64,R0lGODlhAQABAAAAACH5BAEKAAEALAAAAAABAAEAAAICTAEAOw==\" style=\"--smush-placeholder-width: 612px; --smush-placeholder-aspect-ratio: 612\/408;\" \/><noscript><img decoding=\"async\" width=\"612\" height=\"408\" src=\"https:\/\/ritvasodergard.fi\/wp-content\/uploads\/2025\/01\/foto-av-kvinna-som-raknar-pa-dator-och-papper.jpg\" class=\"attachment-full size-full wp-image-1290\" alt=\"\" srcset=\"https:\/\/ritvasodergard.fi\/wp-content\/uploads\/2025\/01\/foto-av-kvinna-som-raknar-pa-dator-och-papper.jpg 612w, https:\/\/ritvasodergard.fi\/wp-content\/uploads\/2025\/01\/foto-av-kvinna-som-raknar-pa-dator-och-papper-300x200.jpg 300w\" sizes=\"(max-width: 612px) 100vw, 612px\" \/><\/noscript>\t\t\t\t\t\t<\/div>\n\t\t\t\t\t\n\t\t\t\t\t\t\t\t\t\t<div class=\"elementor-testimonial-details\">\n\t\t\t\t\t\t\t\t\t\t\t\t\t\t<div class=\"elementor-testimonial-name\">Jenni Ilonen<\/div>\n\t\t\t\t\t\t\t\t\t\t\t\t\t\t\t\t\t\t\t\t\t\t<div class=\"elementor-testimonial-job\">Merkonomi aikuisopiskelija<\/div>\n\t\t\t\t\t\t\t\t\t\t\t\t\t<\/div>\n\t\t\t\t\t\t\t\t\t<\/div>\n\t\t\t<\/div>\n\t\t\t\t\t<\/div>\n\t\t\t\t\t\t<\/div>\n\t\t\t\t<\/div>\n\t\t\t\t<div class=\"elementor-element elementor-element-85ee581 elementor-widget__width-initial elementor-widget-mobile__width-inherit elementor-widget elementor-widget-testimonial\" data-id=\"85ee581\" data-element_type=\"widget\" data-widget_type=\"testimonial.default\">\n\t\t\t\t<div class=\"elementor-widget-container\">\n\t\t\t\t\t\t\t<div class=\"elementor-testimonial-wrapper\">\n\t\t\t\t\t\t\t<div class=\"elementor-testimonial-content\">\u201dRuusukimppu merkonomipuolen opettaja Ritvalle Vamiaan! Olet ihana ja innostava opettaja, luokkaan tulokin saa jo hyv\u00e4lle tuulelle. Olet yksi parhaimmista opettajista, joita olen tavannut.\u201d<\/div>\n\t\t\t\n\t\t\t\t\t\t<div class=\"elementor-testimonial-meta elementor-has-image elementor-testimonial-image-position-aside\">\n\t\t\t\t<div class=\"elementor-testimonial-meta-inner\">\n\t\t\t\t\t\t\t\t\t\t\t<div class=\"elementor-testimonial-image\">\n\t\t\t\t\t\t\t<img loading=\"lazy\" decoding=\"async\" width=\"612\" height=\"408\" data-src=\"https:\/\/ritvasodergard.fi\/wp-content\/uploads\/2025\/02\/foto-budgetarbete.webp\" class=\"attachment-full size-full wp-image-1462 lazyload\" alt=\"\" data-srcset=\"https:\/\/ritvasodergard.fi\/wp-content\/uploads\/2025\/02\/foto-budgetarbete.webp 612w, https:\/\/ritvasodergard.fi\/wp-content\/uploads\/2025\/02\/foto-budgetarbete-300x200.webp 300w\" data-sizes=\"(max-width: 612px) 100vw, 612px\" src=\"data:image\/gif;base64,R0lGODlhAQABAAAAACH5BAEKAAEALAAAAAABAAEAAAICTAEAOw==\" style=\"--smush-placeholder-width: 612px; --smush-placeholder-aspect-ratio: 612\/408;\" \/><noscript><img loading=\"lazy\" decoding=\"async\" width=\"612\" height=\"408\" src=\"https:\/\/ritvasodergard.fi\/wp-content\/uploads\/2025\/02\/foto-budgetarbete.webp\" class=\"attachment-full size-full wp-image-1462\" alt=\"\" srcset=\"https:\/\/ritvasodergard.fi\/wp-content\/uploads\/2025\/02\/foto-budgetarbete.webp 612w, https:\/\/ritvasodergard.fi\/wp-content\/uploads\/2025\/02\/foto-budgetarbete-300x200.webp 300w\" sizes=\"(max-width: 612px) 100vw, 612px\" \/><\/noscript>\t\t\t\t\t\t<\/div>\n\t\t\t\t\t\n\t\t\t\t\t\t\t\t\t\t<div class=\"elementor-testimonial-details\">\n\t\t\t\t\t\t\t\t\t\t\t\t\t\t<div class=\"elementor-testimonial-name\">Erika Mattsson<\/div>\n\t\t\t\t\t\t\t\t\t\t\t\t\t\t\t\t\t\t\t\t\t\t<div class=\"elementor-testimonial-job\">Merkonomi aikuisopiskelija<\/div>\n\t\t\t\t\t\t\t\t\t\t\t\t\t<\/div>\n\t\t\t\t\t\t\t\t\t<\/div>\n\t\t\t<\/div>\n\t\t\t\t\t<\/div>\n\t\t\t\t\t\t<\/div>\n\t\t\t\t<\/div>\n\t\t\t\t\t<\/div>\n\t\t\t\t<\/div>\n\t\t\t\t<\/div>\n\t\t\t\t\t<\/div>\n\t\t\t\t<\/div>\n\t\t\t\t<\/div>","protected":false},"excerpt":{"rendered":"<p>Om mig Min vision &#8221;Jag hj\u00e4lper sm\u00e5f\u00f6retagare att f\u00f6rst\u00e5 och ta kontroll \u00f6ver sin ekonomi f\u00f6r att skapa h\u00e5llbar tillv\u00e4xt och \u00f6kat v\u00e4lm\u00e5ende \u2013 b\u00e5de f\u00f6r f\u00f6retaget och dig som f\u00f6retagare.&#8221; Mitt hj\u00e4rta brinner f\u00f6r sm\u00e5f\u00f6retagare. Jag vet att f\u00f6retagarlivet kan vara hektiskt, fyllt av beslut om ekonomi, l\u00f6nsamhet, priss\u00e4ttning, anst\u00e4llningar och personalfr\u00e5gor. Det \u00e4r [&hellip;]<\/p>","protected":false},"author":1,"featured_media":0,"parent":0,"menu_order":0,"comment_status":"closed","ping_status":"closed","template":"","meta":{"_siteseo_robots_primary_cat":"","site-sidebar-layout":"no-sidebar","site-content-layout":"page-builder","ast-site-content-layout":"","site-content-style":"default","site-sidebar-style":"default","ast-global-header-display":"","ast-banner-title-visibility":"","ast-main-header-display":"","ast-hfb-above-header-display":"","ast-hfb-below-header-display":"","ast-hfb-mobile-header-display":"","site-post-title":"disabled","ast-breadcrumbs-content":"disabled","ast-featured-img":"disabled","footer-sml-layout":"","theme-transparent-header-meta":"enabled","adv-header-id-meta":"","stick-header-meta":"","header-above-stick-meta":"","header-main-stick-meta":"","header-below-stick-meta":"","astra-migrate-meta-layouts":"default","ast-page-background-enabled":"default","ast-page-background-meta":{"desktop":{"background-color":"","background-image":"","background-repeat":"repeat","background-position":"center center","background-size":"auto","background-attachment":"scroll","background-type":"","background-media":"","overlay-type":"","overlay-color":"","overlay-opacity":"","overlay-gradient":""},"tablet":{"background-color":"","background-image":"","background-repeat":"repeat","background-position":"center center","background-size":"auto","background-attachment":"scroll","background-type":"","background-media":"","overlay-type":"","overlay-color":"","overlay-opacity":"","overlay-gradient":""},"mobile":{"background-color":"","background-image":"","background-repeat":"repeat","background-position":"center center","background-size":"auto","background-attachment":"scroll","background-type":"","background-media":"","overlay-type":"","overlay-color":"","overlay-opacity":"","overlay-gradient":""}},"ast-content-background-meta":{"desktop":{"background-color":"var(--ast-global-color-5)","background-image":"","background-repeat":"repeat","background-position":"center center","background-size":"auto","background-attachment":"scroll","background-type":"","background-media":"","overlay-type":"","overlay-color":"","overlay-opacity":"","overlay-gradient":""},"tablet":{"background-color":"var(--ast-global-color-5)","background-image":"","background-repeat":"repeat","background-position":"center center","background-size":"auto","background-attachment":"scroll","background-type":"","background-media":"","overlay-type":"","overlay-color":"","overlay-opacity":"","overlay-gradient":""},"mobile":{"background-color":"var(--ast-global-color-5)","background-image":"","background-repeat":"repeat","background-position":"center center","background-size":"auto","background-attachment":"scroll","background-type":"","background-media":"","overlay-type":"","overlay-color":"","overlay-opacity":"","overlay-gradient":""}},"footnotes":""},"class_list":["post-328","page","type-page","status-publish","hentry"],"_links":{"self":[{"href":"https:\/\/ritvasodergard.fi\/fi\/wp-json\/wp\/v2\/pages\/328","targetHints":{"allow":["GET"]}}],"collection":[{"href":"https:\/\/ritvasodergard.fi\/fi\/wp-json\/wp\/v2\/pages"}],"about":[{"href":"https:\/\/ritvasodergard.fi\/fi\/wp-json\/wp\/v2\/types\/page"}],"author":[{"embeddable":true,"href":"https:\/\/ritvasodergard.fi\/fi\/wp-json\/wp\/v2\/users\/1"}],"replies":[{"embeddable":true,"href":"https:\/\/ritvasodergard.fi\/fi\/wp-json\/wp\/v2\/comments?post=328"}],"version-history":[{"count":24,"href":"https:\/\/ritvasodergard.fi\/fi\/wp-json\/wp\/v2\/pages\/328\/revisions"}],"predecessor-version":[{"id":1575,"href":"https:\/\/ritvasodergard.fi\/fi\/wp-json\/wp\/v2\/pages\/328\/revisions\/1575"}],"wp:attachment":[{"href":"https:\/\/ritvasodergard.fi\/fi\/wp-json\/wp\/v2\/media?parent=328"}],"curies":[{"name":"wp","href":"https:\/\/api.w.org\/{rel}","templated":true}]}}